{"id":443,"date":"2020-02-03T08:53:32","date_gmt":"2020-02-03T08:53:32","guid":{"rendered":"https:\/\/antsa.com.tr\/anasayfa\/"},"modified":"2020-02-04T13:09:25","modified_gmt":"2020-02-04T13:09:25","slug":"anasayfa","status":"publish","type":"page","link":"https:\/\/antsa.com.tr\/en\/","title":{"rendered":"Home"},"content":{"rendered":"<p>[vc_row css=&#8221;.vc_custom_1580724723241{margin-top: -20px !important;}&#8221;][vc_column][vc_video link=&#8221;https:\/\/youtu.be\/PRAKO9pocL8&#8243; el_width=&#8221;70&#8243; align=&#8221;center&#8221;][\/vc_column][\/vc_row][vc_row bg_type=&#8221;bg_color&#8221; bg_override=&#8221;ex-full&#8221; css=&#8221;.vc_custom_1580725634359{padding-top: 0px !important;padding-bottom: 0px !important;}&#8221; bg_color_value=&#8221;#85b95e&#8221;][vc_column offset=&#8221;vc_col-lg-offset-1 vc_col-lg-10 vc_col-md-offset-1 vc_col-md-10 vc_col-sm-offset-0&#8243;][vc_row_inner][vc_column_inner width=&#8221;1\/4&#8243;]<div class=\"aio-icon-component    style_1\"><div id=\"Info-box-wrap-2341\" class=\"aio-icon-box top-icon\" style=\"\"  ><div class=\"aio-icon-top\"><div class=\"ult-just-icon-wrapper  \"><div class=\"align-icon\" style=\"text-align:center;\">\n<div class=\"aio-icon-img \" style=\"font-size:48px;display:inline-block;\" >\n\t<img class=\"img-icon\" alt=\"null\" src=\"https:\/\/antsa.com.tr\/wp-content\/uploads\/2020\/02\/sun-white.png\"\/>\n<\/div><\/div><\/div><\/div><div class=\"aio-icon-header\" ><h4 class=\"aio-icon-title ult-responsive\"  data-ultimate-target='#Info-box-wrap-2341 .aio-icon-title'  data-responsive-json-new='{\"font-size\":\"\",\"line-height\":\"\"}'  style=\"color:#ffffff;\">(EPC) Complete Turnkey Projects<\/h4><\/div> <!-- header --><\/div> <!-- aio-icon-box --><\/div> <!-- aio-icon-component -->[\/vc_column_inner][vc_column_inner width=&#8221;1\/4&#8243;]<div class=\"aio-icon-component    style_1\"><div id=\"Info-box-wrap-6623\" class=\"aio-icon-box top-icon\" style=\"\"  ><div class=\"aio-icon-top\"><div class=\"ult-just-icon-wrapper  \"><div class=\"align-icon\" style=\"text-align:center;\">\n<div class=\"aio-icon-img \" style=\"font-size:48px;display:inline-block;\" >\n\t<img class=\"img-icon\" alt=\"null\" src=\"https:\/\/antsa.com.tr\/wp-content\/uploads\/2020\/02\/spanner.png\"\/>\n<\/div><\/div><\/div><\/div><div class=\"aio-icon-header\" ><h4 class=\"aio-icon-title ult-responsive\"  data-ultimate-target='#Info-box-wrap-6623 .aio-icon-title'  data-responsive-json-new='{\"font-size\":\"\",\"line-height\":\"\"}'  style=\"color:#ffffff;\">(O&amp;M) Operations &amp; Maintenance<\/h4><\/div> <!-- header --><\/div> <!-- aio-icon-box --><\/div> <!-- aio-icon-component -->[\/vc_column_inner][vc_column_inner width=&#8221;1\/4&#8243;]<div class=\"aio-icon-component    style_1\"><div id=\"Info-box-wrap-6500\" class=\"aio-icon-box top-icon\" style=\"\"  ><div class=\"aio-icon-top\"><div class=\"ult-just-icon-wrapper  \"><div class=\"align-icon\" style=\"text-align:center;\">\n<div class=\"aio-icon-img \" style=\"font-size:48px;display:inline-block;\" >\n\t<img class=\"img-icon\" alt=\"null\" src=\"https:\/\/antsa.com.tr\/wp-content\/uploads\/2020\/02\/plug.png\"\/>\n<\/div><\/div><\/div><\/div><div class=\"aio-icon-header\" ><h4 class=\"aio-icon-title ult-responsive\"  data-ultimate-target='#Info-box-wrap-6500 .aio-icon-title'  data-responsive-json-new='{\"font-size\":\"\",\"line-height\":\"\"}'  style=\"color:#ffffff;\">Smart Energy Solutions<\/h4><\/div> <!-- header --><\/div> <!-- aio-icon-box --><\/div> <!-- aio-icon-component -->[\/vc_column_inner][vc_column_inner width=&#8221;1\/4&#8243;]<div class=\"aio-icon-component    style_1\"><div id=\"Info-box-wrap-4791\" class=\"aio-icon-box top-icon\" style=\"\"  ><div class=\"aio-icon-top\"><div class=\"ult-just-icon-wrapper  \"><div class=\"align-icon\" style=\"text-align:center;\">\n<div class=\"aio-icon-img \" style=\"font-size:48px;display:inline-block;\" >\n\t<img class=\"img-icon\" alt=\"null\" src=\"https:\/\/antsa.com.tr\/wp-content\/uploads\/2020\/02\/files-and-folders.png\"\/>\n<\/div><\/div><\/div><\/div><div class=\"aio-icon-header\" ><h4 class=\"aio-icon-title ult-responsive\"  data-ultimate-target='#Info-box-wrap-4791 .aio-icon-title'  data-responsive-json-new='{\"font-size\":\"\",\"line-height\":\"\"}'  style=\"color:#ffffff;\">SPP Portfolio Management<\/h4><\/div> <!-- header --><\/div> <!-- aio-icon-box --><\/div> <!-- aio-icon-component -->[\/vc_column_inner][\/vc_row_inner][\/vc_column][\/vc_row][vc_row][vc_column]<div id=\"ultimate-heading-347269dff1736b4e0\" class=\"uvc-heading ult-adjust-bottom-margin ultimate-heading-347269dff1736b4e0 uvc-7729  uvc-heading-default-font-sizes\" data-hspacer=\"no_spacer\"  data-halign=\"center\" style=\"text-align:center\"><div class=\"uvc-heading-spacer no_spacer\" style=\"top\"><\/div><div class=\"uvc-main-heading ult-responsive\"  data-ultimate-target='.uvc-heading.ultimate-heading-347269dff1736b4e0 h3'  data-responsive-json-new='{\"font-size\":\"\",\"line-height\":\"\"}' ><h3 style=\"--font-weight:theme;\">Recent Projects<\/h3><\/div><\/div>[\/vc_column][vc_column width=&#8221;1\/3&#8243;]<style type=\"text\/css\" data-type=\"the7_shortcodes-inline-css\">.shortcode-single-image-wrap.shortcode-single-image-e8163765bacbd46601b1c967e8d228b3.enable-bg-rollover .rollover i,\n.shortcode-single-image-wrap.shortcode-single-image-e8163765bacbd46601b1c967e8d228b3.enable-bg-rollover .rollover-video i {\n  background: ;\n  background: -webkit-linear-gradient();\n  background: linear-gradient();\n}\n.shortcode-single-image-wrap.shortcode-single-image-e8163765bacbd46601b1c967e8d228b3 .rollover-icon {\n  font-size: 32px;\n  color: #ffffff;\n  min-width: 44px;\n  min-height: 44px;\n  line-height: 44px;\n  border-radius: 100px;\n  border-style: solid;\n  border-width: 0px;\n}\n.dt-icon-bg-on.shortcode-single-image-wrap.shortcode-single-image-e8163765bacbd46601b1c967e8d228b3 .rollover-icon {\n  background: rgba(255,255,255,0.3);\n  -webkit-box-shadow: none;\n  box-shadow: none;\n}\n<\/style><div class=\"shortcode-single-image-wrap shortcode-single-image-e8163765bacbd46601b1c967e8d228b3 alignnone  enable-bg-rollover dt-icon-bg-off\" style=\"margin-top:0px; margin-bottom:0px; margin-left:0px; margin-right:0px; width:500px;\"><div class=\"shortcode-single-image\"><div class=\"fancy-media-wrap\" style=\"border-radius:10px;\"><a href=\"https:\/\/antsa.com.tr\/en\/konya-cumra-ges\/\" class=\" layzr-bg rollover\" style=\"border-radius:10px;\" aria-label=\"Image\"><img class=\"preload-me lazy-load\" src=\"data:image\/svg+xml,%3Csvg%20xmlns%3D&#39;http%3A%2F%2Fwww.w3.org%2F2000%2Fsvg&#39;%20viewBox%3D&#39;0%200%20400%20240&#39;%2F%3E\" data-src=\"https:\/\/antsa.com.tr\/wp-content\/uploads\/2020\/02\/main-1.jpg\" data-srcset=\"https:\/\/antsa.com.tr\/wp-content\/uploads\/2020\/02\/main-1.jpg 400w\" width=\"400\" height=\"240\"  data-dt-location=\"https:\/\/antsa.com.tr\/en\/anasayfa\/main-1\/\" alt=\"\" \/><\/a><\/div><\/div><\/div><div id=\"ultimate-heading-818969dff1736c641\" class=\"uvc-heading ult-adjust-bottom-margin ultimate-heading-818969dff1736c641 uvc-2170 \" data-hspacer=\"no_spacer\"  data-halign=\"center\" style=\"text-align:center\"><div class=\"uvc-heading-spacer no_spacer\" style=\"top\"><\/div><div class=\"uvc-main-heading ult-responsive\"  data-ultimate-target='.uvc-heading.ultimate-heading-818969dff1736c641 h3'  data-responsive-json-new='{\"font-size\":\"desktop:26px;\",\"line-height\":\"\"}' ><h3 style=\"--font-weight:theme;color:#0a0a0a;margin-top:15px;\">Konya \u00c7umra GES<\/h3><\/div><\/div>[vc_btn title=&#8221;Details&#8221; style=&#8221;classic&#8221; color=&#8221;primary&#8221; size=&#8221;sm&#8221; align=&#8221;center&#8221; css=&#8221;.vc_custom_1580817635694{margin-top: 15px !important;}&#8221; link=&#8221;url:https%3A%2F%2Fantsa.com.tr%2Fen%2Fkonya-cumra-ges%2F|title:Konya%20%C3%87umra%20GES||&#8221;][\/vc_column][vc_column width=&#8221;1\/3&#8243;]<style type=\"text\/css\" data-type=\"the7_shortcodes-inline-css\">.shortcode-single-image-wrap.shortcode-single-image-59ee126f973c8ccf1a9f6846a1f7cb9f.enable-bg-rollover .rollover i,\n.shortcode-single-image-wrap.shortcode-single-image-59ee126f973c8ccf1a9f6846a1f7cb9f.enable-bg-rollover .rollover-video i {\n  background: ;\n  background: -webkit-linear-gradient();\n  background: linear-gradient();\n}\n.shortcode-single-image-wrap.shortcode-single-image-59ee126f973c8ccf1a9f6846a1f7cb9f .rollover-icon {\n  font-size: 32px;\n  color: #ffffff;\n  min-width: 44px;\n  min-height: 44px;\n  line-height: 44px;\n  border-radius: 100px;\n  border-style: solid;\n  border-width: 0px;\n}\n.dt-icon-bg-on.shortcode-single-image-wrap.shortcode-single-image-59ee126f973c8ccf1a9f6846a1f7cb9f .rollover-icon {\n  background: rgba(255,255,255,0.3);\n  -webkit-box-shadow: none;\n  box-shadow: none;\n}\n<\/style><div class=\"shortcode-single-image-wrap shortcode-single-image-59ee126f973c8ccf1a9f6846a1f7cb9f alignnone  enable-bg-rollover dt-icon-bg-off\" style=\"margin-top:0px; margin-bottom:0px; margin-left:0px; margin-right:0px; width:500px;\"><div class=\"shortcode-single-image\"><div class=\"fancy-media-wrap\" style=\"border-radius:10px;\"><a href=\"https:\/\/antsa.com.tr\/en\/vehbi-koc-ges\/\" class=\" layzr-bg rollover\" style=\"border-radius:10px;\" aria-label=\"Image\"><img class=\"preload-me lazy-load\" src=\"data:image\/svg+xml,%3Csvg%20xmlns%3D&#39;http%3A%2F%2Fwww.w3.org%2F2000%2Fsvg&#39;%20viewBox%3D&#39;0%200%20400%20240&#39;%2F%3E\" data-src=\"https:\/\/antsa.com.tr\/wp-content\/uploads\/2020\/02\/main-2.jpg\" data-srcset=\"https:\/\/antsa.com.tr\/wp-content\/uploads\/2020\/02\/main-2.jpg 400w\" width=\"400\" height=\"240\"  data-dt-location=\"https:\/\/antsa.com.tr\/en\/anasayfa\/main-2\/\" alt=\"\" \/><\/a><\/div><\/div><\/div><div id=\"ultimate-heading-79469dff1736ced1\" class=\"uvc-heading ult-adjust-bottom-margin ultimate-heading-79469dff1736ced1 uvc-2084 \" data-hspacer=\"no_spacer\"  data-halign=\"center\" style=\"text-align:center\"><div class=\"uvc-heading-spacer no_spacer\" style=\"top\"><\/div><div class=\"uvc-main-heading ult-responsive\"  data-ultimate-target='.uvc-heading.ultimate-heading-79469dff1736ced1 h3'  data-responsive-json-new='{\"font-size\":\"desktop:26px;\",\"line-height\":\"\"}' ><h3 style=\"--font-weight:theme;color:#0a0a0a;margin-top:15px;\">Vehbi Ko\u00e7 GES<\/h3><\/div><\/div>[vc_btn title=&#8221;Details&#8221; style=&#8221;classic&#8221; color=&#8221;primary&#8221; size=&#8221;sm&#8221; align=&#8221;center&#8221; css=&#8221;.vc_custom_1580817639935{margin-top: 15px !important;}&#8221; link=&#8221;url:https%3A%2F%2Fantsa.com.tr%2Fen%2Fvehbi-koc-ges%2F|title:Vehbi%20Ko%C3%A7%20GES||&#8221;][\/vc_column][vc_column width=&#8221;1\/3&#8243;]<style type=\"text\/css\" data-type=\"the7_shortcodes-inline-css\">.shortcode-single-image-wrap.shortcode-single-image-8abbb5700afc1b86eb599e476cd27f99.enable-bg-rollover .rollover i,\n.shortcode-single-image-wrap.shortcode-single-image-8abbb5700afc1b86eb599e476cd27f99.enable-bg-rollover .rollover-video i {\n  background: ;\n  background: -webkit-linear-gradient();\n  background: linear-gradient();\n}\n.shortcode-single-image-wrap.shortcode-single-image-8abbb5700afc1b86eb599e476cd27f99 .rollover-icon {\n  font-size: 32px;\n  color: #ffffff;\n  min-width: 44px;\n  min-height: 44px;\n  line-height: 44px;\n  border-radius: 100px;\n  border-style: solid;\n  border-width: 0px;\n}\n.dt-icon-bg-on.shortcode-single-image-wrap.shortcode-single-image-8abbb5700afc1b86eb599e476cd27f99 .rollover-icon {\n  background: rgba(255,255,255,0.3);\n  -webkit-box-shadow: none;\n  box-shadow: none;\n}\n<\/style><div class=\"shortcode-single-image-wrap shortcode-single-image-8abbb5700afc1b86eb599e476cd27f99 alignnone  enable-bg-rollover dt-icon-bg-off\" style=\"margin-top:0px; margin-bottom:0px; margin-left:0px; margin-right:0px; width:500px;\"><div class=\"shortcode-single-image\"><div class=\"fancy-media-wrap\" style=\"border-radius:10px;\"><a href=\"https:\/\/antsa.com.tr\/en\/mehseti-abdurahman-ges\/\" class=\" layzr-bg rollover\" style=\"border-radius:10px;\" aria-label=\"Image\"><img class=\"preload-me lazy-load\" src=\"data:image\/svg+xml,%3Csvg%20xmlns%3D&#39;http%3A%2F%2Fwww.w3.org%2F2000%2Fsvg&#39;%20viewBox%3D&#39;0%200%20400%20240&#39;%2F%3E\" data-src=\"https:\/\/antsa.com.tr\/wp-content\/uploads\/2020\/02\/main-3.jpg\" data-srcset=\"https:\/\/antsa.com.tr\/wp-content\/uploads\/2020\/02\/main-3.jpg 400w\" width=\"400\" height=\"240\"  data-dt-location=\"https:\/\/antsa.com.tr\/en\/anasayfa\/main-3\/\" alt=\"\" \/><\/a><\/div><\/div><\/div><div id=\"ultimate-heading-464069dff1736d6fd\" class=\"uvc-heading ult-adjust-bottom-margin ultimate-heading-464069dff1736d6fd uvc-8210 \" data-hspacer=\"no_spacer\"  data-halign=\"center\" style=\"text-align:center\"><div class=\"uvc-heading-spacer no_spacer\" style=\"top\"><\/div><div class=\"uvc-main-heading ult-responsive\"  data-ultimate-target='.uvc-heading.ultimate-heading-464069dff1736d6fd h3'  data-responsive-json-new='{\"font-size\":\"desktop:26px;\",\"line-height\":\"\"}' ><h3 style=\"--font-weight:theme;color:#0a0a0a;margin-top:15px;\">Mehseti Abdurahman GES<\/h3><\/div><\/div>[vc_btn title=&#8221;Details&#8221; style=&#8221;classic&#8221; color=&#8221;primary&#8221; size=&#8221;sm&#8221; align=&#8221;center&#8221; css=&#8221;.vc_custom_1580817643975{margin-top: 15px !important;}&#8221; link=&#8221;url:https%3A%2F%2Fantsa.com.tr%2Fen%2Fmehseti-abdurahman-ges%2F|title:Mehseti%20Abdurahman%20GES||&#8221;][\/vc_column][vc_column][vc_btn title=&#8221;All Projects&#8221; style=&#8221;classic&#8221; color=&#8221;primary&#8221; size=&#8221;lg&#8221; align=&#8221;center&#8221; css=&#8221;.vc_custom_1580817654690{margin-top: 15px !important;}&#8221; link=&#8221;url:https%3A%2F%2Fantsa.com.tr%2Fen%2Fprojeler%2F|title:Projeler||&#8221;][\/vc_column][\/vc_row]<\/p>\n","protected":false},"excerpt":{"rendered":"<p>[vc_row css=&#8221;.vc_custom_1580724723241{margin-top: -20px !important;}&#8221;][vc_column][vc_video link=&#8221;https:\/\/youtu.be\/PRAKO9pocL8&#8243; el_width=&#8221;70&#8243; align=&#8221;center&#8221;][\/vc_column][\/vc_row][vc_row bg_type=&#8221;bg_color&#8221; bg_override=&#8221;ex-full&#8221; css=&#8221;.vc_custom_1580725634359{padding-top: 0px !important;padding-bottom: 0px !important;}&#8221; bg_color_value=&#8221;#85b95e&#8221;][vc_column offset=&#8221;vc_col-lg-offset-1 vc_col-lg-10 vc_col-md-offset-1 vc_col-md-10 vc_col-sm-offset-0&#8243;][vc_row_inner][vc_column_inner width=&#8221;1\/4&#8243;][\/vc_column_inner][vc_column_inner width=&#8221;1\/4&#8243;][\/vc_column_inner][vc_column_inner width=&#8221;1\/4&#8243;][\/vc_column_inner][vc_column_inner width=&#8221;1\/4&#8243;][\/vc_column_inner][\/vc_row_inner][\/vc_column][\/vc_row][vc_row][vc_column][\/vc_column][vc_column width=&#8221;1\/3&#8243;][vc_btn title=&#8221;Details&#8221; style=&#8221;classic&#8221; color=&#8221;primary&#8221; size=&#8221;sm&#8221; align=&#8221;center&#8221; css=&#8221;.vc_custom_1580817635694{margin-top: 15px !important;}&#8221; link=&#8221;url:https%3A%2F%2Fantsa.com.tr%2Fen%2Fkonya-cumra-ges%2F|title:Konya%20%C3%87umra%20GES||&#8221;][\/vc_column][vc_column width=&#8221;1\/3&#8243;][vc_btn title=&#8221;Details&#8221; style=&#8221;classic&#8221; color=&#8221;primary&#8221; size=&#8221;sm&#8221; align=&#8221;center&#8221; css=&#8221;.vc_custom_1580817639935{margin-top: 15px !important;}&#8221; link=&#8221;url:https%3A%2F%2Fantsa.com.tr%2Fen%2Fvehbi-koc-ges%2F|title:Vehbi%20Ko%C3%A7%20GES||&#8221;][\/vc_column][vc_column width=&#8221;1\/3&#8243;][vc_btn title=&#8221;Details&#8221; style=&#8221;classic&#8221; color=&#8221;primary&#8221; size=&#8221;sm&#8221; align=&#8221;center&#8221; css=&#8221;.vc_custom_1580817643975{margin-top: 15px !important;}&#8221; link=&#8221;url:https%3A%2F%2Fantsa.com.tr%2Fen%2Fmehseti-abdurahman-ges%2F|title:Mehseti%20Abdurahman%20GES||&#8221;][\/vc_column][vc_column][vc_btn title=&#8221;All&hellip;<\/p>\n","protected":false},"author":1,"featured_media":0,"parent":0,"menu_order":0,"comment_status":"closed","ping_status":"closed","template":"","meta":{"footnotes":""},"yoast_head":"<!-- This site is optimized with the Yoast SEO plugin v21.3 - https:\/\/yoast.com\/wordpress\/plugins\/seo\/ -->\n<title>Ak\u0131ll\u0131 g\u00fcne\u015f enerji sistemleri | Antsa Enerji<\/title>\n<meta name=\"robots\" content=\"index, follow, max-snippet:-1, max-image-preview:large, max-video-preview:-1\" \/>\n<link rel=\"canonical\" href=\"https:\/\/antsa.com.tr\/en\/\" \/>\n<meta property=\"og:locale\" content=\"en_US\" \/>\n<meta property=\"og:type\" content=\"article\" \/>\n<meta property=\"og:title\" content=\"Ak\u0131ll\u0131 g\u00fcne\u015f enerji sistemleri | Antsa Enerji\" \/>\n<meta property=\"og:description\" content=\"[vc_row css=&#8221;.vc_custom_1580724723241{margin-top: -20px !important;}&#8221;][vc_column][vc_video link=&#8221;https:\/\/youtu.be\/PRAKO9pocL8&#8243; el_width=&#8221;70&#8243; align=&#8221;center&#8221;][\/vc_column][\/vc_row][vc_row bg_type=&#8221;bg_color&#8221; bg_override=&#8221;ex-full&#8221; css=&#8221;.vc_custom_1580725634359{padding-top: 0px !important;padding-bottom: 0px !important;}&#8221; bg_color_value=&#8221;#85b95e&#8221;][vc_column offset=&#8221;vc_col-lg-offset-1 vc_col-lg-10 vc_col-md-offset-1 vc_col-md-10 vc_col-sm-offset-0&#8243;][vc_row_inner][vc_column_inner width=&#8221;1\/4&#8243;][\/vc_column_inner][vc_column_inner width=&#8221;1\/4&#8243;][\/vc_column_inner][vc_column_inner width=&#8221;1\/4&#8243;][\/vc_column_inner][vc_column_inner width=&#8221;1\/4&#8243;][\/vc_column_inner][\/vc_row_inner][\/vc_column][\/vc_row][vc_row][vc_column][\/vc_column][vc_column width=&#8221;1\/3&#8243;][vc_btn title=&#8221;Details&#8221; style=&#8221;classic&#8221; color=&#8221;primary&#8221; size=&#8221;sm&#8221; align=&#8221;center&#8221; css=&#8221;.vc_custom_1580817635694{margin-top: 15px !important;}&#8221; link=&#8221;url:https%3A%2F%2Fantsa.com.tr%2Fen%2Fkonya-cumra-ges%2F|title:Konya%20%C3%87umra%20GES||&#8221;][\/vc_column][vc_column width=&#8221;1\/3&#8243;][vc_btn title=&#8221;Details&#8221; style=&#8221;classic&#8221; color=&#8221;primary&#8221; size=&#8221;sm&#8221; align=&#8221;center&#8221; css=&#8221;.vc_custom_1580817639935{margin-top: 15px !important;}&#8221; link=&#8221;url:https%3A%2F%2Fantsa.com.tr%2Fen%2Fvehbi-koc-ges%2F|title:Vehbi%20Ko%C3%A7%20GES||&#8221;][\/vc_column][vc_column width=&#8221;1\/3&#8243;][vc_btn title=&#8221;Details&#8221; style=&#8221;classic&#8221; color=&#8221;primary&#8221; size=&#8221;sm&#8221; align=&#8221;center&#8221; css=&#8221;.vc_custom_1580817643975{margin-top: 15px !important;}&#8221; link=&#8221;url:https%3A%2F%2Fantsa.com.tr%2Fen%2Fmehseti-abdurahman-ges%2F|title:Mehseti%20Abdurahman%20GES||&#8221;][\/vc_column][vc_column][vc_btn title=&#8221;All&hellip;\" \/>\n<meta property=\"og:url\" content=\"https:\/\/antsa.com.tr\/en\/\" \/>\n<meta property=\"og:site_name\" content=\"ANTSA\" \/>\n<meta property=\"article:modified_time\" content=\"2020-02-04T13:09:25+00:00\" \/>\n<meta name=\"twitter:card\" content=\"summary_large_image\" \/>\n<meta name=\"twitter:label1\" content=\"Est. reading time\" \/>\n\t<meta name=\"twitter:data1\" content=\"3 minutes\" \/>\n<script type=\"application\/ld+json\" class=\"yoast-schema-graph\">{\"@context\":\"https:\/\/schema.org\",\"@graph\":[{\"@type\":\"WebPage\",\"@id\":\"https:\/\/antsa.com.tr\/en\/\",\"url\":\"https:\/\/antsa.com.tr\/en\/\",\"name\":\"Ak\u0131ll\u0131 g\u00fcne\u015f enerji sistemleri | Antsa Enerji\",\"isPartOf\":{\"@id\":\"https:\/\/antsa.com.tr\/#website\"},\"datePublished\":\"2020-02-03T08:53:32+00:00\",\"dateModified\":\"2020-02-04T13:09:25+00:00\",\"breadcrumb\":{\"@id\":\"https:\/\/antsa.com.tr\/en\/#breadcrumb\"},\"inLanguage\":\"en-US\",\"potentialAction\":[{\"@type\":\"ReadAction\",\"target\":[\"https:\/\/antsa.com.tr\/en\/\"]}]},{\"@type\":\"BreadcrumbList\",\"@id\":\"https:\/\/antsa.com.tr\/en\/#breadcrumb\",\"itemListElement\":[{\"@type\":\"ListItem\",\"position\":1,\"name\":\"Home\",\"item\":\"https:\/\/antsa.com.tr\/en\/\"},{\"@type\":\"ListItem\",\"position\":2,\"name\":\"Home\"}]},{\"@type\":\"WebSite\",\"@id\":\"https:\/\/antsa.com.tr\/#website\",\"url\":\"https:\/\/antsa.com.tr\/\",\"name\":\"ANTSA\",\"description\":\"ANTSA\",\"potentialAction\":[{\"@type\":\"SearchAction\",\"target\":{\"@type\":\"EntryPoint\",\"urlTemplate\":\"https:\/\/antsa.com.tr\/?s={search_term_string}\"},\"query-input\":\"required name=search_term_string\"}],\"inLanguage\":\"en-US\"}]}<\/script>\n<!-- \/ Yoast SEO plugin. -->","yoast_head_json":{"title":"Ak\u0131ll\u0131 g\u00fcne\u015f enerji sistemleri | Antsa Enerji","robots":{"index":"index","follow":"follow","max-snippet":"max-snippet:-1","max-image-preview":"max-image-preview:large","max-video-preview":"max-video-preview:-1"},"canonical":"https:\/\/antsa.com.tr\/en\/","og_locale":"en_US","og_type":"article","og_title":"Ak\u0131ll\u0131 g\u00fcne\u015f enerji sistemleri | Antsa Enerji","og_description":"[vc_row css=&#8221;.vc_custom_1580724723241{margin-top: -20px !important;}&#8221;][vc_column][vc_video link=&#8221;https:\/\/youtu.be\/PRAKO9pocL8&#8243; el_width=&#8221;70&#8243; align=&#8221;center&#8221;][\/vc_column][\/vc_row][vc_row bg_type=&#8221;bg_color&#8221; bg_override=&#8221;ex-full&#8221; css=&#8221;.vc_custom_1580725634359{padding-top: 0px !important;padding-bottom: 0px !important;}&#8221; bg_color_value=&#8221;#85b95e&#8221;][vc_column offset=&#8221;vc_col-lg-offset-1 vc_col-lg-10 vc_col-md-offset-1 vc_col-md-10 vc_col-sm-offset-0&#8243;][vc_row_inner][vc_column_inner width=&#8221;1\/4&#8243;][\/vc_column_inner][vc_column_inner width=&#8221;1\/4&#8243;][\/vc_column_inner][vc_column_inner width=&#8221;1\/4&#8243;][\/vc_column_inner][vc_column_inner width=&#8221;1\/4&#8243;][\/vc_column_inner][\/vc_row_inner][\/vc_column][\/vc_row][vc_row][vc_column][\/vc_column][vc_column width=&#8221;1\/3&#8243;][vc_btn title=&#8221;Details&#8221; style=&#8221;classic&#8221; color=&#8221;primary&#8221; size=&#8221;sm&#8221; align=&#8221;center&#8221; css=&#8221;.vc_custom_1580817635694{margin-top: 15px !important;}&#8221; link=&#8221;url:https%3A%2F%2Fantsa.com.tr%2Fen%2Fkonya-cumra-ges%2F|title:Konya%20%C3%87umra%20GES||&#8221;][\/vc_column][vc_column width=&#8221;1\/3&#8243;][vc_btn title=&#8221;Details&#8221; style=&#8221;classic&#8221; color=&#8221;primary&#8221; size=&#8221;sm&#8221; align=&#8221;center&#8221; css=&#8221;.vc_custom_1580817639935{margin-top: 15px !important;}&#8221; link=&#8221;url:https%3A%2F%2Fantsa.com.tr%2Fen%2Fvehbi-koc-ges%2F|title:Vehbi%20Ko%C3%A7%20GES||&#8221;][\/vc_column][vc_column width=&#8221;1\/3&#8243;][vc_btn title=&#8221;Details&#8221; style=&#8221;classic&#8221; color=&#8221;primary&#8221; size=&#8221;sm&#8221; align=&#8221;center&#8221; css=&#8221;.vc_custom_1580817643975{margin-top: 15px !important;}&#8221; link=&#8221;url:https%3A%2F%2Fantsa.com.tr%2Fen%2Fmehseti-abdurahman-ges%2F|title:Mehseti%20Abdurahman%20GES||&#8221;][\/vc_column][vc_column][vc_btn title=&#8221;All&hellip;","og_url":"https:\/\/antsa.com.tr\/en\/","og_site_name":"ANTSA","article_modified_time":"2020-02-04T13:09:25+00:00","twitter_card":"summary_large_image","twitter_misc":{"Est. reading time":"3 minutes"},"schema":{"@context":"https:\/\/schema.org","@graph":[{"@type":"WebPage","@id":"https:\/\/antsa.com.tr\/en\/","url":"https:\/\/antsa.com.tr\/en\/","name":"Ak\u0131ll\u0131 g\u00fcne\u015f enerji sistemleri | Antsa Enerji","isPartOf":{"@id":"https:\/\/antsa.com.tr\/#website"},"datePublished":"2020-02-03T08:53:32+00:00","dateModified":"2020-02-04T13:09:25+00:00","breadcrumb":{"@id":"https:\/\/antsa.com.tr\/en\/#breadcrumb"},"inLanguage":"en-US","potentialAction":[{"@type":"ReadAction","target":["https:\/\/antsa.com.tr\/en\/"]}]},{"@type":"BreadcrumbList","@id":"https:\/\/antsa.com.tr\/en\/#breadcrumb","itemListElement":[{"@type":"ListItem","position":1,"name":"Home","item":"https:\/\/antsa.com.tr\/en\/"},{"@type":"ListItem","position":2,"name":"Home"}]},{"@type":"WebSite","@id":"https:\/\/antsa.com.tr\/#website","url":"https:\/\/antsa.com.tr\/","name":"ANTSA","description":"ANTSA","potentialAction":[{"@type":"SearchAction","target":{"@type":"EntryPoint","urlTemplate":"https:\/\/antsa.com.tr\/?s={search_term_string}"},"query-input":"required name=search_term_string"}],"inLanguage":"en-US"}]}},"_links":{"self":[{"href":"https:\/\/antsa.com.tr\/en\/wp-json\/wp\/v2\/pages\/443"}],"collection":[{"href":"https:\/\/antsa.com.tr\/en\/wp-json\/wp\/v2\/pages"}],"about":[{"href":"https:\/\/antsa.com.tr\/en\/wp-json\/wp\/v2\/types\/page"}],"author":[{"embeddable":true,"href":"https:\/\/antsa.com.tr\/en\/wp-json\/wp\/v2\/users\/1"}],"replies":[{"embeddable":true,"href":"https:\/\/antsa.com.tr\/en\/wp-json\/wp\/v2\/comments?post=443"}],"version-history":[{"count":7,"href":"https:\/\/antsa.com.tr\/en\/wp-json\/wp\/v2\/pages\/443\/revisions"}],"predecessor-version":[{"id":496,"href":"https:\/\/antsa.com.tr\/en\/wp-json\/wp\/v2\/pages\/443\/revisions\/496"}],"wp:attachment":[{"href":"https:\/\/antsa.com.tr\/en\/wp-json\/wp\/v2\/media?parent=443"}],"curies":[{"name":"wp","href":"https:\/\/api.w.org\/{rel}","templated":true}]}}