{"id":459,"date":"2020-02-03T09:58:13","date_gmt":"2020-02-03T09:58:13","guid":{"rendered":"https:\/\/antsa.com.tr\/iletisim\/"},"modified":"2020-02-04T12:07:12","modified_gmt":"2020-02-04T12:07:12","slug":"contact-us","status":"publish","type":"page","link":"https:\/\/antsa.com.tr\/en\/contact-us\/","title":{"rendered":"CONTACT US"},"content":{"rendered":"<p>[vc_row css=&#8221;.vc_custom_1580818029517{margin-top: -70px !important;}&#8221;][vc_column width=&#8221;1\/2&#8243;]<div id=\"ultimate-heading-757069e00c6bdfd9d\" class=\"uvc-heading ult-adjust-bottom-margin ultimate-heading-757069e00c6bdfd9d uvc-2142  uvc-heading-default-font-sizes\" data-hspacer=\"no_spacer\"  data-halign=\"left\" style=\"text-align:left\"><div class=\"uvc-heading-spacer no_spacer\" style=\"top\"><\/div><div class=\"uvc-main-heading ult-responsive\"  data-ultimate-target='.uvc-heading.ultimate-heading-757069e00c6bdfd9d h3'  data-responsive-json-new='{\"font-size\":\"\",\"line-height\":\"\"}' ><h3 style=\"--font-weight:theme;\">Address<\/h3><\/div><div class=\"uvc-sub-heading ult-responsive\"  data-ultimate-target='.uvc-heading.ultimate-heading-757069e00c6bdfd9d .uvc-sub-heading '  data-responsive-json-new='{\"font-size\":\"\",\"line-height\":\"\"}'  style=\"font-weight:normal;margin-top:15px;\">Mehmet\u00e7ik Mah. Termesos Blv. Ofis 24 Sitesi<br \/>\nA1 Blok No:18 K:6 D:602 P.K. 07300<br \/>\nMuratpa\u015fa \/ Antalya<\/p>\n<p><strong>Telefon:<\/strong>\u00a0<a href=\"tel:+902423111736\">0242 311 17 36<\/a><br \/>\n<strong>Mobil:<\/strong>\u00a0<a href=\"tel:+905327601749\">0532 760 1749<\/a><br \/>\n<strong>Faks:<\/strong>\u00a00242 312 18 29<br \/>\n<strong>Eposta:<\/strong>\u00a0<a href=\"mailto:info@antsa.com.tr\">info@antsa.com.tr<\/a><\/div><\/div>[\/vc_column][vc_column width=&#8221;1\/2&#8243;][vc_gmaps link=&#8221;#E-8_JTNDaWZyYW1lJTIwc3JjJTNEJTIyaHR0cHMlM0ElMkYlMkZ3d3cuZ29vZ2xlLmNvbSUyRm1hcHMlMkZlbWJlZCUzRnBiJTNEJTIxMW0xOCUyMTFtMTIlMjExbTMlMjExZDc5Ny43MTgyMTExMDAwODMyJTIxMmQzMC43MzY4MzE4MjkyMjM2MTUlMjEzZDM2Ljg5MzM5MDA3MTI5OTQzJTIxMm0zJTIxMWYwJTIxMmYwJTIxM2YwJTIxM20yJTIxMWkxMDI0JTIxMmk3NjglMjE0ZjEzLjElMjEzbTMlMjExbTIlMjExczB4MCUyNTNBMHgwJTIxMnpNemJDc0RVekp6TTJMaklpVGlBek1NS3dORFFuTVRRdU5pSkYlMjE1ZTAlMjEzbTIlMjExc3RyJTIxMnN0ciUyMTR2MTU4MDczMzI1MjE1MyUyMTVtMiUyMTFzdHIlMjEyc3RyJTIyJTIwd2lkdGglM0QlMjI2MDAlMjIlMjBoZWlnaHQlM0QlMjI0NTAlMjIlMjBmcmFtZWJvcmRlciUzRCUyMjAlMjIlMjBzdHlsZSUzRCUyMmJvcmRlciUzQTAlM0IlMjIlMjBhbGxvd2Z1bGxzY3JlZW4lM0QlMjIlMjIlM0UlM0MlMkZpZnJhbWUlM0U=&#8221;][\/vc_column][\/vc_row]<\/p>\n","protected":false},"excerpt":{"rendered":"<p>[vc_row css=&#8221;.vc_custom_1580818029517{margin-top: -70px !important;}&#8221;][vc_column width=&#8221;1\/2&#8243;][\/vc_column][vc_column width=&#8221;1\/2&#8243;][vc_gmaps link=&#8221;#E-8_JTNDaWZyYW1lJTIwc3JjJTNEJTIyaHR0cHMlM0ElMkYlMkZ3d3cuZ29vZ2xlLmNvbSUyRm1hcHMlMkZlbWJlZCUzRnBiJTNEJTIxMW0xOCUyMTFtMTIlMjExbTMlMjExZDc5Ny43MTgyMTExMDAwODMyJTIxMmQzMC43MzY4MzE4MjkyMjM2MTUlMjEzZDM2Ljg5MzM5MDA3MTI5OTQzJTIxMm0zJTIxMWYwJTIxMmYwJTIxM2YwJTIxM20yJTIxMWkxMDI0JTIxMmk3NjglMjE0ZjEzLjElMjEzbTMlMjExbTIlMjExczB4MCUyNTNBMHgwJTIxMnpNemJDc0RVekp6TTJMaklpVGlBek1NS3dORFFuTVRRdU5pSkYlMjE1ZTAlMjEzbTIlMjExc3RyJTIxMnN0ciUyMTR2MTU4MDczMzI1MjE1MyUyMTVtMiUyMTFzdHIlMjEyc3RyJTIyJTIwd2lkdGglM0QlMjI2MDAlMjIlMjBoZWlnaHQlM0QlMjI0NTAlMjIlMjBmcmFtZWJvcmRlciUzRCUyMjAlMjIlMjBzdHlsZSUzRCUyMmJvcmRlciUzQTAlM0IlMjIlMjBhbGxvd2Z1bGxzY3JlZW4lM0QlMjIlMjIlM0UlM0MlMkZpZnJhbWUlM0U=&#8221;][\/vc_column][\/vc_row]<\/p>\n","protected":false},"author":1,"featured_media":0,"parent":0,"menu_order":0,"comment_status":"closed","ping_status":"closed","template":"","meta":{"footnotes":""},"yoast_head":"<!-- This site is optimized with the Yoast SEO plugin v21.3 - https:\/\/yoast.com\/wordpress\/plugins\/seo\/ -->\n<title>Ak\u0131ll\u0131 g\u00fcne\u015f enerji sistemleri | Antsa Enerji<\/title>\n<meta name=\"robots\" content=\"index, follow, max-snippet:-1, max-image-preview:large, max-video-preview:-1\" \/>\n<link rel=\"canonical\" href=\"https:\/\/antsa.com.tr\/en\/contact-us\/\" \/>\n<meta property=\"og:locale\" content=\"en_US\" \/>\n<meta property=\"og:type\" content=\"article\" \/>\n<meta property=\"og:title\" content=\"Ak\u0131ll\u0131 g\u00fcne\u015f enerji sistemleri | Antsa Enerji\" \/>\n<meta property=\"og:description\" content=\"[vc_row css=&#8221;.vc_custom_1580818029517{margin-top: -70px !important;}&#8221;][vc_column width=&#8221;1\/2&#8243;][\/vc_column][vc_column width=&#8221;1\/2&#8243;][vc_gmaps link=&#8221;#E-8_JTNDaWZyYW1lJTIwc3JjJTNEJTIyaHR0cHMlM0ElMkYlMkZ3d3cuZ29vZ2xlLmNvbSUyRm1hcHMlMkZlbWJlZCUzRnBiJTNEJTIxMW0xOCUyMTFtMTIlMjExbTMlMjExZDc5Ny43MTgyMTExMDAwODMyJTIxMmQzMC43MzY4MzE4MjkyMjM2MTUlMjEzZDM2Ljg5MzM5MDA3MTI5OTQzJTIxMm0zJTIxMWYwJTIxMmYwJTIxM2YwJTIxM20yJTIxMWkxMDI0JTIxMmk3NjglMjE0ZjEzLjElMjEzbTMlMjExbTIlMjExczB4MCUyNTNBMHgwJTIxMnpNemJDc0RVekp6TTJMaklpVGlBek1NS3dORFFuTVRRdU5pSkYlMjE1ZTAlMjEzbTIlMjExc3RyJTIxMnN0ciUyMTR2MTU4MDczMzI1MjE1MyUyMTVtMiUyMTFzdHIlMjEyc3RyJTIyJTIwd2lkdGglM0QlMjI2MDAlMjIlMjBoZWlnaHQlM0QlMjI0NTAlMjIlMjBmcmFtZWJvcmRlciUzRCUyMjAlMjIlMjBzdHlsZSUzRCUyMmJvcmRlciUzQTAlM0IlMjIlMjBhbGxvd2Z1bGxzY3JlZW4lM0QlMjIlMjIlM0UlM0MlMkZpZnJhbWUlM0U=&#8221;][\/vc_column][\/vc_row]\" \/>\n<meta property=\"og:url\" content=\"https:\/\/antsa.com.tr\/en\/contact-us\/\" \/>\n<meta property=\"og:site_name\" content=\"ANTSA\" \/>\n<meta property=\"article:modified_time\" content=\"2020-02-04T12:07:12+00:00\" \/>\n<meta name=\"twitter:card\" content=\"summary_large_image\" \/>\n<meta name=\"twitter:label1\" content=\"Est. reading time\" \/>\n\t<meta name=\"twitter:data1\" content=\"1 minute\" \/>\n<script type=\"application\/ld+json\" class=\"yoast-schema-graph\">{\"@context\":\"https:\/\/schema.org\",\"@graph\":[{\"@type\":\"WebPage\",\"@id\":\"https:\/\/antsa.com.tr\/en\/contact-us\/\",\"url\":\"https:\/\/antsa.com.tr\/en\/contact-us\/\",\"name\":\"Ak\u0131ll\u0131 g\u00fcne\u015f enerji sistemleri | Antsa Enerji\",\"isPartOf\":{\"@id\":\"https:\/\/antsa.com.tr\/#website\"},\"datePublished\":\"2020-02-03T09:58:13+00:00\",\"dateModified\":\"2020-02-04T12:07:12+00:00\",\"breadcrumb\":{\"@id\":\"https:\/\/antsa.com.tr\/en\/contact-us\/#breadcrumb\"},\"inLanguage\":\"en-US\",\"potentialAction\":[{\"@type\":\"ReadAction\",\"target\":[\"https:\/\/antsa.com.tr\/en\/contact-us\/\"]}]},{\"@type\":\"BreadcrumbList\",\"@id\":\"https:\/\/antsa.com.tr\/en\/contact-us\/#breadcrumb\",\"itemListElement\":[{\"@type\":\"ListItem\",\"position\":1,\"name\":\"Home\",\"item\":\"https:\/\/antsa.com.tr\/en\/\"},{\"@type\":\"ListItem\",\"position\":2,\"name\":\"CONTACT US\"}]},{\"@type\":\"WebSite\",\"@id\":\"https:\/\/antsa.com.tr\/#website\",\"url\":\"https:\/\/antsa.com.tr\/\",\"name\":\"ANTSA\",\"description\":\"ANTSA\",\"potentialAction\":[{\"@type\":\"SearchAction\",\"target\":{\"@type\":\"EntryPoint\",\"urlTemplate\":\"https:\/\/antsa.com.tr\/?s={search_term_string}\"},\"query-input\":\"required name=search_term_string\"}],\"inLanguage\":\"en-US\"}]}<\/script>\n<!-- \/ Yoast SEO plugin. -->","yoast_head_json":{"title":"Ak\u0131ll\u0131 g\u00fcne\u015f enerji sistemleri | Antsa Enerji","robots":{"index":"index","follow":"follow","max-snippet":"max-snippet:-1","max-image-preview":"max-image-preview:large","max-video-preview":"max-video-preview:-1"},"canonical":"https:\/\/antsa.com.tr\/en\/contact-us\/","og_locale":"en_US","og_type":"article","og_title":"Ak\u0131ll\u0131 g\u00fcne\u015f enerji sistemleri | Antsa Enerji","og_description":"[vc_row css=&#8221;.vc_custom_1580818029517{margin-top: -70px !important;}&#8221;][vc_column width=&#8221;1\/2&#8243;][\/vc_column][vc_column width=&#8221;1\/2&#8243;][vc_gmaps link=&#8221;#E-8_JTNDaWZyYW1lJTIwc3JjJTNEJTIyaHR0cHMlM0ElMkYlMkZ3d3cuZ29vZ2xlLmNvbSUyRm1hcHMlMkZlbWJlZCUzRnBiJTNEJTIxMW0xOCUyMTFtMTIlMjExbTMlMjExZDc5Ny43MTgyMTExMDAwODMyJTIxMmQzMC43MzY4MzE4MjkyMjM2MTUlMjEzZDM2Ljg5MzM5MDA3MTI5OTQzJTIxMm0zJTIxMWYwJTIxMmYwJTIxM2YwJTIxM20yJTIxMWkxMDI0JTIxMmk3NjglMjE0ZjEzLjElMjEzbTMlMjExbTIlMjExczB4MCUyNTNBMHgwJTIxMnpNemJDc0RVekp6TTJMaklpVGlBek1NS3dORFFuTVRRdU5pSkYlMjE1ZTAlMjEzbTIlMjExc3RyJTIxMnN0ciUyMTR2MTU4MDczMzI1MjE1MyUyMTVtMiUyMTFzdHIlMjEyc3RyJTIyJTIwd2lkdGglM0QlMjI2MDAlMjIlMjBoZWlnaHQlM0QlMjI0NTAlMjIlMjBmcmFtZWJvcmRlciUzRCUyMjAlMjIlMjBzdHlsZSUzRCUyMmJvcmRlciUzQTAlM0IlMjIlMjBhbGxvd2Z1bGxzY3JlZW4lM0QlMjIlMjIlM0UlM0MlMkZpZnJhbWUlM0U=&#8221;][\/vc_column][\/vc_row]","og_url":"https:\/\/antsa.com.tr\/en\/contact-us\/","og_site_name":"ANTSA","article_modified_time":"2020-02-04T12:07:12+00:00","twitter_card":"summary_large_image","twitter_misc":{"Est. reading time":"1 minute"},"schema":{"@context":"https:\/\/schema.org","@graph":[{"@type":"WebPage","@id":"https:\/\/antsa.com.tr\/en\/contact-us\/","url":"https:\/\/antsa.com.tr\/en\/contact-us\/","name":"Ak\u0131ll\u0131 g\u00fcne\u015f enerji sistemleri | Antsa Enerji","isPartOf":{"@id":"https:\/\/antsa.com.tr\/#website"},"datePublished":"2020-02-03T09:58:13+00:00","dateModified":"2020-02-04T12:07:12+00:00","breadcrumb":{"@id":"https:\/\/antsa.com.tr\/en\/contact-us\/#breadcrumb"},"inLanguage":"en-US","potentialAction":[{"@type":"ReadAction","target":["https:\/\/antsa.com.tr\/en\/contact-us\/"]}]},{"@type":"BreadcrumbList","@id":"https:\/\/antsa.com.tr\/en\/contact-us\/#breadcrumb","itemListElement":[{"@type":"ListItem","position":1,"name":"Home","item":"https:\/\/antsa.com.tr\/en\/"},{"@type":"ListItem","position":2,"name":"CONTACT US"}]},{"@type":"WebSite","@id":"https:\/\/antsa.com.tr\/#website","url":"https:\/\/antsa.com.tr\/","name":"ANTSA","description":"ANTSA","potentialAction":[{"@type":"SearchAction","target":{"@type":"EntryPoint","urlTemplate":"https:\/\/antsa.com.tr\/?s={search_term_string}"},"query-input":"required name=search_term_string"}],"inLanguage":"en-US"}]}},"_links":{"self":[{"href":"https:\/\/antsa.com.tr\/en\/wp-json\/wp\/v2\/pages\/459"}],"collection":[{"href":"https:\/\/antsa.com.tr\/en\/wp-json\/wp\/v2\/pages"}],"about":[{"href":"https:\/\/antsa.com.tr\/en\/wp-json\/wp\/v2\/types\/page"}],"author":[{"embeddable":true,"href":"https:\/\/antsa.com.tr\/en\/wp-json\/wp\/v2\/users\/1"}],"replies":[{"embeddable":true,"href":"https:\/\/antsa.com.tr\/en\/wp-json\/wp\/v2\/comments?post=459"}],"version-history":[{"count":2,"href":"https:\/\/antsa.com.tr\/en\/wp-json\/wp\/v2\/pages\/459\/revisions"}],"predecessor-version":[{"id":461,"href":"https:\/\/antsa.com.tr\/en\/wp-json\/wp\/v2\/pages\/459\/revisions\/461"}],"wp:attachment":[{"href":"https:\/\/antsa.com.tr\/en\/wp-json\/wp\/v2\/media?parent=459"}],"curies":[{"name":"wp","href":"https:\/\/api.w.org\/{rel}","templated":true}]}}