{"id":475,"date":"2020-02-03T14:08:07","date_gmt":"2020-02-03T14:08:07","guid":{"rendered":"https:\/\/antsa.com.tr\/golhisar-burdur-9mw-2\/"},"modified":"2020-02-04T12:15:01","modified_gmt":"2020-02-04T12:15:01","slug":"golhisar-burdur-9mw-2","status":"publish","type":"page","link":"https:\/\/antsa.com.tr\/en\/golhisar-burdur-9mw-2\/","title":{"rendered":"G\u00f6lhisar, Burdur 9MW"},"content":{"rendered":"<p>[vc_row css=&#8221;.vc_custom_1580736682731{margin-top: -70px !important;}&#8221;][vc_column]<div id=\"ultimate-heading-805269e0229571266\" class=\"uvc-heading ult-adjust-bottom-margin ultimate-heading-805269e0229571266 uvc-6519  uvc-heading-default-font-sizes\" data-hspacer=\"no_spacer\"  data-halign=\"center\" style=\"text-align:center\"><div class=\"uvc-heading-spacer no_spacer\" style=\"top\"><\/div><div class=\"uvc-sub-heading ult-responsive\"  data-ultimate-target='.uvc-heading.ultimate-heading-805269e0229571266 .uvc-sub-heading '  data-responsive-json-new='{\"font-size\":\"\",\"line-height\":\"\"}'  style=\"font-weight:normal;margin-bottom:30px;\"><\/p>\n<div class=\"lead text-center\">\n<p>Type: Solar Power Plant<br \/>\nInstalled Power: 9 MW<br \/>\nSolar Panels: Jinko 260 W<br \/>\nInverters: ABB 1000 kW<br \/>\nData Logger: ABB<br \/>\nPV Cables: Prysmian<br \/>\nLV MV Cables: HES Cable<br \/>\nStructure: Tekom-Puk, Bescelik<br \/>\nOperational since: April 2016<\/p>\n<\/div>\n<p><\/div><\/div>[\/vc_column][vc_column][vc_media_grid gap=&#8221;15&#8243; grid_id=&#8221;vc_gid:1580818489025-25759561-eb0a-0&#8243; include=&#8221;231,232,233,234,235,236,237,238,239,240,241,242,243,244&#8243;][\/vc_column][\/vc_row]<\/p>\n","protected":false},"excerpt":{"rendered":"<p>[vc_row css=&#8221;.vc_custom_1580736682731{margin-top: -70px !important;}&#8221;][vc_column][\/vc_column][vc_column][vc_media_grid gap=&#8221;15&#8243; grid_id=&#8221;vc_gid:1580818489025-25759561-eb0a-0&#8243; include=&#8221;231,232,233,234,235,236,237,238,239,240,241,242,243,244&#8243;][\/vc_column][\/vc_row]<\/p>\n","protected":false},"author":1,"featured_media":0,"parent":0,"menu_order":0,"comment_status":"closed","ping_status":"closed","template":"","meta":{"footnotes":""},"yoast_head":"<!-- This site is optimized with the Yoast SEO plugin v21.3 - https:\/\/yoast.com\/wordpress\/plugins\/seo\/ -->\n<title>Ak\u0131ll\u0131 g\u00fcne\u015f enerji sistemleri | Antsa Enerji<\/title>\n<meta name=\"robots\" content=\"index, follow, max-snippet:-1, max-image-preview:large, max-video-preview:-1\" \/>\n<link rel=\"canonical\" href=\"https:\/\/antsa.com.tr\/en\/golhisar-burdur-9mw-2\/\" \/>\n<meta property=\"og:locale\" content=\"en_US\" \/>\n<meta property=\"og:type\" content=\"article\" \/>\n<meta property=\"og:title\" content=\"Ak\u0131ll\u0131 g\u00fcne\u015f enerji sistemleri | Antsa Enerji\" \/>\n<meta property=\"og:description\" content=\"[vc_row css=&#8221;.vc_custom_1580736682731{margin-top: -70px !important;}&#8221;][vc_column][\/vc_column][vc_column][vc_media_grid gap=&#8221;15&#8243; grid_id=&#8221;vc_gid:1580818489025-25759561-eb0a-0&#8243; include=&#8221;231,232,233,234,235,236,237,238,239,240,241,242,243,244&#8243;][\/vc_column][\/vc_row]\" \/>\n<meta property=\"og:url\" content=\"https:\/\/antsa.com.tr\/en\/golhisar-burdur-9mw-2\/\" \/>\n<meta property=\"og:site_name\" content=\"ANTSA\" \/>\n<meta property=\"article:modified_time\" content=\"2020-02-04T12:15:01+00:00\" \/>\n<meta name=\"twitter:card\" content=\"summary_large_image\" \/>\n<script type=\"application\/ld+json\" class=\"yoast-schema-graph\">{\"@context\":\"https:\/\/schema.org\",\"@graph\":[{\"@type\":\"WebPage\",\"@id\":\"https:\/\/antsa.com.tr\/en\/golhisar-burdur-9mw-2\/\",\"url\":\"https:\/\/antsa.com.tr\/en\/golhisar-burdur-9mw-2\/\",\"name\":\"Ak\u0131ll\u0131 g\u00fcne\u015f enerji sistemleri | Antsa Enerji\",\"isPartOf\":{\"@id\":\"https:\/\/antsa.com.tr\/#website\"},\"datePublished\":\"2020-02-03T14:08:07+00:00\",\"dateModified\":\"2020-02-04T12:15:01+00:00\",\"breadcrumb\":{\"@id\":\"https:\/\/antsa.com.tr\/en\/golhisar-burdur-9mw-2\/#breadcrumb\"},\"inLanguage\":\"en-US\",\"potentialAction\":[{\"@type\":\"ReadAction\",\"target\":[\"https:\/\/antsa.com.tr\/en\/golhisar-burdur-9mw-2\/\"]}]},{\"@type\":\"BreadcrumbList\",\"@id\":\"https:\/\/antsa.com.tr\/en\/golhisar-burdur-9mw-2\/#breadcrumb\",\"itemListElement\":[{\"@type\":\"ListItem\",\"position\":1,\"name\":\"Home\",\"item\":\"https:\/\/antsa.com.tr\/en\/\"},{\"@type\":\"ListItem\",\"position\":2,\"name\":\"G\u00f6lhisar, Burdur 9MW\"}]},{\"@type\":\"WebSite\",\"@id\":\"https:\/\/antsa.com.tr\/#website\",\"url\":\"https:\/\/antsa.com.tr\/\",\"name\":\"ANTSA\",\"description\":\"ANTSA\",\"potentialAction\":[{\"@type\":\"SearchAction\",\"target\":{\"@type\":\"EntryPoint\",\"urlTemplate\":\"https:\/\/antsa.com.tr\/?s={search_term_string}\"},\"query-input\":\"required name=search_term_string\"}],\"inLanguage\":\"en-US\"}]}<\/script>\n<!-- \/ Yoast SEO plugin. -->","yoast_head_json":{"title":"Ak\u0131ll\u0131 g\u00fcne\u015f enerji sistemleri | Antsa Enerji","robots":{"index":"index","follow":"follow","max-snippet":"max-snippet:-1","max-image-preview":"max-image-preview:large","max-video-preview":"max-video-preview:-1"},"canonical":"https:\/\/antsa.com.tr\/en\/golhisar-burdur-9mw-2\/","og_locale":"en_US","og_type":"article","og_title":"Ak\u0131ll\u0131 g\u00fcne\u015f enerji sistemleri | Antsa Enerji","og_description":"[vc_row css=&#8221;.vc_custom_1580736682731{margin-top: -70px !important;}&#8221;][vc_column][\/vc_column][vc_column][vc_media_grid gap=&#8221;15&#8243; grid_id=&#8221;vc_gid:1580818489025-25759561-eb0a-0&#8243; include=&#8221;231,232,233,234,235,236,237,238,239,240,241,242,243,244&#8243;][\/vc_column][\/vc_row]","og_url":"https:\/\/antsa.com.tr\/en\/golhisar-burdur-9mw-2\/","og_site_name":"ANTSA","article_modified_time":"2020-02-04T12:15:01+00:00","twitter_card":"summary_large_image","schema":{"@context":"https:\/\/schema.org","@graph":[{"@type":"WebPage","@id":"https:\/\/antsa.com.tr\/en\/golhisar-burdur-9mw-2\/","url":"https:\/\/antsa.com.tr\/en\/golhisar-burdur-9mw-2\/","name":"Ak\u0131ll\u0131 g\u00fcne\u015f enerji sistemleri | Antsa Enerji","isPartOf":{"@id":"https:\/\/antsa.com.tr\/#website"},"datePublished":"2020-02-03T14:08:07+00:00","dateModified":"2020-02-04T12:15:01+00:00","breadcrumb":{"@id":"https:\/\/antsa.com.tr\/en\/golhisar-burdur-9mw-2\/#breadcrumb"},"inLanguage":"en-US","potentialAction":[{"@type":"ReadAction","target":["https:\/\/antsa.com.tr\/en\/golhisar-burdur-9mw-2\/"]}]},{"@type":"BreadcrumbList","@id":"https:\/\/antsa.com.tr\/en\/golhisar-burdur-9mw-2\/#breadcrumb","itemListElement":[{"@type":"ListItem","position":1,"name":"Home","item":"https:\/\/antsa.com.tr\/en\/"},{"@type":"ListItem","position":2,"name":"G\u00f6lhisar, Burdur 9MW"}]},{"@type":"WebSite","@id":"https:\/\/antsa.com.tr\/#website","url":"https:\/\/antsa.com.tr\/","name":"ANTSA","description":"ANTSA","potentialAction":[{"@type":"SearchAction","target":{"@type":"EntryPoint","urlTemplate":"https:\/\/antsa.com.tr\/?s={search_term_string}"},"query-input":"required name=search_term_string"}],"inLanguage":"en-US"}]}},"_links":{"self":[{"href":"https:\/\/antsa.com.tr\/en\/wp-json\/wp\/v2\/pages\/475"}],"collection":[{"href":"https:\/\/antsa.com.tr\/en\/wp-json\/wp\/v2\/pages"}],"about":[{"href":"https:\/\/antsa.com.tr\/en\/wp-json\/wp\/v2\/types\/page"}],"author":[{"embeddable":true,"href":"https:\/\/antsa.com.tr\/en\/wp-json\/wp\/v2\/users\/1"}],"replies":[{"embeddable":true,"href":"https:\/\/antsa.com.tr\/en\/wp-json\/wp\/v2\/comments?post=475"}],"version-history":[{"count":1,"href":"https:\/\/antsa.com.tr\/en\/wp-json\/wp\/v2\/pages\/475\/revisions"}],"predecessor-version":[{"id":476,"href":"https:\/\/antsa.com.tr\/en\/wp-json\/wp\/v2\/pages\/475\/revisions\/476"}],"wp:attachment":[{"href":"https:\/\/antsa.com.tr\/en\/wp-json\/wp\/v2\/media?parent=475"}],"curies":[{"name":"wp","href":"https:\/\/api.w.org\/{rel}","templated":true}]}}