{"id":657,"date":"2022-06-20T09:58:58","date_gmt":"2022-06-20T09:58:58","guid":{"rendered":"https:\/\/antsa.com.tr\/?page_id=657"},"modified":"2022-06-20T09:58:58","modified_gmt":"2022-06-20T09:58:58","slug":"30-mwe-sertavul-res-hibrit-ges","status":"publish","type":"page","link":"https:\/\/antsa.com.tr\/en\/30-mwe-sertavul-res-hibrit-ges\/","title":{"rendered":"30 MWe Sertavul RES Hibrit GES"},"content":{"rendered":"<p>[vc_row css=&#8221;.vc_custom_1580736682731{margin-top: -70px !important;}&#8221;][vc_column]<div id=\"ultimate-heading-965769e00b49d3031\" class=\"uvc-heading ult-adjust-bottom-margin ultimate-heading-965769e00b49d3031 uvc-4101  uvc-heading-default-font-sizes\" data-hspacer=\"no_spacer\"  data-halign=\"center\" style=\"text-align:center\"><div class=\"uvc-heading-spacer no_spacer\" style=\"top\"><\/div><div class=\"uvc-sub-heading ult-responsive\"  data-ultimate-target='.uvc-heading.ultimate-heading-965769e00b49d3031 .uvc-sub-heading '  data-responsive-json-new='{\"font-size\":\"\",\"line-height\":\"\"}'  style=\"font-weight:normal;margin-bottom:30px;\">Kapasite: 30 MWe<\/div><\/div>[\/vc_column][vc_column][vc_media_grid gap=&#8221;15&#8243; grid_id=&#8221;vc_gid:1655718256132-52872f4b-72c9-0&#8243; include=&#8221;647,637,635,633,631&#8243;][\/vc_column][\/vc_row]<\/p>\n","protected":false},"excerpt":{"rendered":"<p>[vc_row css=&#8221;.vc_custom_1580736682731{margin-top: -70px !important;}&#8221;][vc_column][\/vc_column][vc_column][vc_media_grid gap=&#8221;15&#8243; grid_id=&#8221;vc_gid:1655718256132-52872f4b-72c9-0&#8243; include=&#8221;647,637,635,633,631&#8243;][\/vc_column][\/vc_row]<\/p>\n","protected":false},"author":1,"featured_media":0,"parent":0,"menu_order":0,"comment_status":"closed","ping_status":"closed","template":"","meta":{"footnotes":""},"yoast_head":"<!-- This site is optimized with the Yoast SEO plugin v21.3 - https:\/\/yoast.com\/wordpress\/plugins\/seo\/ -->\n<title>Ak\u0131ll\u0131 g\u00fcne\u015f enerji sistemleri | Antsa Enerji<\/title>\n<meta name=\"robots\" content=\"index, follow, max-snippet:-1, max-image-preview:large, max-video-preview:-1\" \/>\n<link rel=\"canonical\" href=\"https:\/\/antsa.com.tr\/en\/30-mwe-sertavul-res-hibrit-ges\/\" \/>\n<meta property=\"og:locale\" content=\"en_US\" \/>\n<meta property=\"og:type\" content=\"article\" \/>\n<meta property=\"og:title\" content=\"Ak\u0131ll\u0131 g\u00fcne\u015f enerji sistemleri | Antsa Enerji\" \/>\n<meta property=\"og:description\" content=\"[vc_row css=&#8221;.vc_custom_1580736682731{margin-top: -70px !important;}&#8221;][vc_column][\/vc_column][vc_column][vc_media_grid gap=&#8221;15&#8243; grid_id=&#8221;vc_gid:1655718256132-52872f4b-72c9-0&#8243; include=&#8221;647,637,635,633,631&#8243;][\/vc_column][\/vc_row]\" \/>\n<meta property=\"og:url\" content=\"https:\/\/antsa.com.tr\/en\/30-mwe-sertavul-res-hibrit-ges\/\" \/>\n<meta property=\"og:site_name\" content=\"ANTSA\" \/>\n<meta name=\"twitter:card\" content=\"summary_large_image\" \/>\n<meta name=\"twitter:label1\" content=\"Est. reading time\" \/>\n\t<meta name=\"twitter:data1\" content=\"1 minute\" \/>\n<script type=\"application\/ld+json\" class=\"yoast-schema-graph\">{\"@context\":\"https:\/\/schema.org\",\"@graph\":[{\"@type\":\"WebPage\",\"@id\":\"https:\/\/antsa.com.tr\/en\/30-mwe-sertavul-res-hibrit-ges\/\",\"url\":\"https:\/\/antsa.com.tr\/en\/30-mwe-sertavul-res-hibrit-ges\/\",\"name\":\"Ak\u0131ll\u0131 g\u00fcne\u015f enerji sistemleri | Antsa Enerji\",\"isPartOf\":{\"@id\":\"https:\/\/antsa.com.tr\/#website\"},\"datePublished\":\"2022-06-20T09:58:58+00:00\",\"dateModified\":\"2022-06-20T09:58:58+00:00\",\"breadcrumb\":{\"@id\":\"https:\/\/antsa.com.tr\/en\/30-mwe-sertavul-res-hibrit-ges\/#breadcrumb\"},\"inLanguage\":\"en-US\",\"potentialAction\":[{\"@type\":\"ReadAction\",\"target\":[\"https:\/\/antsa.com.tr\/en\/30-mwe-sertavul-res-hibrit-ges\/\"]}]},{\"@type\":\"BreadcrumbList\",\"@id\":\"https:\/\/antsa.com.tr\/en\/30-mwe-sertavul-res-hibrit-ges\/#breadcrumb\",\"itemListElement\":[{\"@type\":\"ListItem\",\"position\":1,\"name\":\"Home\",\"item\":\"https:\/\/antsa.com.tr\/en\/\"},{\"@type\":\"ListItem\",\"position\":2,\"name\":\"30 MWe Sertavul RES Hibrit GES\"}]},{\"@type\":\"WebSite\",\"@id\":\"https:\/\/antsa.com.tr\/#website\",\"url\":\"https:\/\/antsa.com.tr\/\",\"name\":\"ANTSA\",\"description\":\"ANTSA\",\"potentialAction\":[{\"@type\":\"SearchAction\",\"target\":{\"@type\":\"EntryPoint\",\"urlTemplate\":\"https:\/\/antsa.com.tr\/?s={search_term_string}\"},\"query-input\":\"required name=search_term_string\"}],\"inLanguage\":\"en-US\"}]}<\/script>\n<!-- \/ Yoast SEO plugin. -->","yoast_head_json":{"title":"Ak\u0131ll\u0131 g\u00fcne\u015f enerji sistemleri | Antsa Enerji","robots":{"index":"index","follow":"follow","max-snippet":"max-snippet:-1","max-image-preview":"max-image-preview:large","max-video-preview":"max-video-preview:-1"},"canonical":"https:\/\/antsa.com.tr\/en\/30-mwe-sertavul-res-hibrit-ges\/","og_locale":"en_US","og_type":"article","og_title":"Ak\u0131ll\u0131 g\u00fcne\u015f enerji sistemleri | Antsa Enerji","og_description":"[vc_row css=&#8221;.vc_custom_1580736682731{margin-top: -70px !important;}&#8221;][vc_column][\/vc_column][vc_column][vc_media_grid gap=&#8221;15&#8243; grid_id=&#8221;vc_gid:1655718256132-52872f4b-72c9-0&#8243; include=&#8221;647,637,635,633,631&#8243;][\/vc_column][\/vc_row]","og_url":"https:\/\/antsa.com.tr\/en\/30-mwe-sertavul-res-hibrit-ges\/","og_site_name":"ANTSA","twitter_card":"summary_large_image","twitter_misc":{"Est. reading time":"1 minute"},"schema":{"@context":"https:\/\/schema.org","@graph":[{"@type":"WebPage","@id":"https:\/\/antsa.com.tr\/en\/30-mwe-sertavul-res-hibrit-ges\/","url":"https:\/\/antsa.com.tr\/en\/30-mwe-sertavul-res-hibrit-ges\/","name":"Ak\u0131ll\u0131 g\u00fcne\u015f enerji sistemleri | Antsa Enerji","isPartOf":{"@id":"https:\/\/antsa.com.tr\/#website"},"datePublished":"2022-06-20T09:58:58+00:00","dateModified":"2022-06-20T09:58:58+00:00","breadcrumb":{"@id":"https:\/\/antsa.com.tr\/en\/30-mwe-sertavul-res-hibrit-ges\/#breadcrumb"},"inLanguage":"en-US","potentialAction":[{"@type":"ReadAction","target":["https:\/\/antsa.com.tr\/en\/30-mwe-sertavul-res-hibrit-ges\/"]}]},{"@type":"BreadcrumbList","@id":"https:\/\/antsa.com.tr\/en\/30-mwe-sertavul-res-hibrit-ges\/#breadcrumb","itemListElement":[{"@type":"ListItem","position":1,"name":"Home","item":"https:\/\/antsa.com.tr\/en\/"},{"@type":"ListItem","position":2,"name":"30 MWe Sertavul RES Hibrit GES"}]},{"@type":"WebSite","@id":"https:\/\/antsa.com.tr\/#website","url":"https:\/\/antsa.com.tr\/","name":"ANTSA","description":"ANTSA","potentialAction":[{"@type":"SearchAction","target":{"@type":"EntryPoint","urlTemplate":"https:\/\/antsa.com.tr\/?s={search_term_string}"},"query-input":"required name=search_term_string"}],"inLanguage":"en-US"}]}},"_links":{"self":[{"href":"https:\/\/antsa.com.tr\/en\/wp-json\/wp\/v2\/pages\/657"}],"collection":[{"href":"https:\/\/antsa.com.tr\/en\/wp-json\/wp\/v2\/pages"}],"about":[{"href":"https:\/\/antsa.com.tr\/en\/wp-json\/wp\/v2\/types\/page"}],"author":[{"embeddable":true,"href":"https:\/\/antsa.com.tr\/en\/wp-json\/wp\/v2\/users\/1"}],"replies":[{"embeddable":true,"href":"https:\/\/antsa.com.tr\/en\/wp-json\/wp\/v2\/comments?post=657"}],"version-history":[{"count":1,"href":"https:\/\/antsa.com.tr\/en\/wp-json\/wp\/v2\/pages\/657\/revisions"}],"predecessor-version":[{"id":660,"href":"https:\/\/antsa.com.tr\/en\/wp-json\/wp\/v2\/pages\/657\/revisions\/660"}],"wp:attachment":[{"href":"https:\/\/antsa.com.tr\/en\/wp-json\/wp\/v2\/media?parent=657"}],"curies":[{"name":"wp","href":"https:\/\/api.w.org\/{rel}","templated":true}]}}